{"id":14,"date":"2020-12-02T09:45:48","date_gmt":"2020-12-02T08:45:48","guid":{"rendered":"http:\/\/urzqqwe.cluster030.hosting.ovh.net\/?page_id=14"},"modified":"2020-12-18T06:59:18","modified_gmt":"2020-12-18T05:59:18","slug":"accueil","status":"publish","type":"page","link":"https:\/\/www.solenne-garnier-osteopathe.com\/","title":{"rendered":"D\u00e9finition de l\u2019Ost\u00e9opathie"},"content":{"rendered":"\n<p>L\u2019ost\u00e9opathie est une th\u00e9rapie manuelle qui permet de retrouver un <strong>\u00e9quilibre corporel<\/strong>. Elle consiste \u00e0 d\u00e9terminer les restrictions de mobilit\u00e9s et \u00e0 les traiter avec les techniques appropri\u00e9es \u00e0 la dysfonction et \u00e0 la personne.<\/p>\n\n\n\n<p>Elle n\u00e9cessite des comp\u00e9tences sp\u00e9cifiques, une connaissance approfondie du fonctionnement du corps humain et des interactions existantes entre chacun de ses syst\u00e8mes.<\/p>\n\n\n\n<p>L\u2019ost\u00e9opathie vise \u00e0 restaurer la sant\u00e9 (ou \u00e0 la maintenir dans le cas de bilans). Elle est bas\u00e9e sur le concept <strong>holistique<\/strong> (de globalit\u00e9) et prend en compte aussi bien les structures du corps que l\u2019environnement, la psychologie ou le mode de vie de la personne.<\/p>\n","protected":false},"excerpt":{"rendered":"<p>L\u2019ost\u00e9opathie est une th\u00e9rapie manuelle qui permet de retrouver un \u00e9quilibre corporel. Elle consiste \u00e0 d\u00e9terminer les restrictions de mobilit\u00e9s et \u00e0 les traiter avec les techniques appropri\u00e9es \u00e0 la dysfonction et \u00e0 la personne. Elle n\u00e9cessite des comp\u00e9tences sp\u00e9cifiques, une connaissance approfondie du fonctionnement du corps humain et des interactions existantes entre chacun de &hellip; <\/p>\n<p class=\"link-more\"><a href=\"https:\/\/www.solenne-garnier-osteopathe.com\/\" class=\"more-link\">Continuer la lecture<span class=\"screen-reader-text\"> de &laquo;&nbsp;D\u00e9finition de l\u2019Ost\u00e9opathie&nbsp;&raquo;<\/span><\/a><\/p>\n","protected":false},"author":1,"featured_media":74,"parent":0,"menu_order":0,"comment_status":"closed","ping_status":"closed","template":"","meta":[],"_links":{"self":[{"href":"https:\/\/www.solenne-garnier-osteopathe.com\/index.php\/wp-json\/wp\/v2\/pages\/14"}],"collection":[{"href":"https:\/\/www.solenne-garnier-osteopathe.com\/index.php\/wp-json\/wp\/v2\/pages"}],"about":[{"href":"https:\/\/www.solenne-garnier-osteopathe.com\/index.php\/wp-json\/wp\/v2\/types\/page"}],"author":[{"embeddable":true,"href":"https:\/\/www.solenne-garnier-osteopathe.com\/index.php\/wp-json\/wp\/v2\/users\/1"}],"replies":[{"embeddable":true,"href":"https:\/\/www.solenne-garnier-osteopathe.com\/index.php\/wp-json\/wp\/v2\/comments?post=14"}],"version-history":[{"count":4,"href":"https:\/\/www.solenne-garnier-osteopathe.com\/index.php\/wp-json\/wp\/v2\/pages\/14\/revisions"}],"predecessor-version":[{"id":65,"href":"https:\/\/www.solenne-garnier-osteopathe.com\/index.php\/wp-json\/wp\/v2\/pages\/14\/revisions\/65"}],"wp:featuredmedia":[{"embeddable":true,"href":"https:\/\/www.solenne-garnier-osteopathe.com\/index.php\/wp-json\/wp\/v2\/media\/74"}],"wp:attachment":[{"href":"https:\/\/www.solenne-garnier-osteopathe.com\/index.php\/wp-json\/wp\/v2\/media?parent=14"}],"curies":[{"name":"wp","href":"https:\/\/api.w.org\/{rel}","templated":true}]}}